{"id":5371,"date":"2021-04-11T17:47:26","date_gmt":"2021-04-11T20:47:26","guid":{"rendered":"https:\/\/delivery.costadocondepb.com.br\/lafka\/pizza\/?post_type=product&#038;p=5371"},"modified":"2021-04-12T13:41:36","modified_gmt":"2021-04-12T16:41:36","slug":"massa-frango","status":"publish","type":"product","link":"https:\/\/delivery.costadocondepb.com.br\/lafka\/pizza\/produto\/massa-frango\/","title":{"rendered":"MASSA &#8211; Frango"},"content":{"rendered":"","protected":false},"excerpt":{"rendered":"<p><strong>* INGREDIENTES:<br \/>\n<span style=\"color: #808080;\">* Frango desfiado, molho Branco, milho verde, ervilha e mu\u00e7arela.<\/span><\/strong><br \/>\n&#8221; Nossos Pratos S\u00e3o Feitas na Hora \u2013 Massa Fresca. \u2013 E Todos os Outros Itens do Nosso Card\u00e1pio Tamb\u00e9m S\u00e3o feitos na Hora.&#8221;<\/p>\n","protected":false},"featured_media":5251,"comment_status":"open","ping_status":"closed","template":"","meta":[],"class_list":["post-5371","product","type-product","status-publish","has-post-thumbnail","hentry","product_cat-massas","pa_pessoa-1-pessoa","pa_pessoa-2-pessoas"],"_links":{"self":[{"href":"https:\/\/delivery.costadocondepb.com.br\/lafka\/pizza\/wp-json\/wp\/v2\/product\/5371","targetHints":{"allow":["GET"]}}],"collection":[{"href":"https:\/\/delivery.costadocondepb.com.br\/lafka\/pizza\/wp-json\/wp\/v2\/product"}],"about":[{"href":"https:\/\/delivery.costadocondepb.com.br\/lafka\/pizza\/wp-json\/wp\/v2\/types\/product"}],"replies":[{"embeddable":true,"href":"https:\/\/delivery.costadocondepb.com.br\/lafka\/pizza\/wp-json\/wp\/v2\/comments?post=5371"}],"wp:featuredmedia":[{"embeddable":true,"href":"https:\/\/delivery.costadocondepb.com.br\/lafka\/pizza\/wp-json\/wp\/v2\/media\/5251"}],"wp:attachment":[{"href":"https:\/\/delivery.costadocondepb.com.br\/lafka\/pizza\/wp-json\/wp\/v2\/media?parent=5371"}],"curies":[{"name":"wp","href":"https:\/\/api.w.org\/{rel}","templated":true}]}}