{"id":5366,"date":"2021-04-11T17:39:36","date_gmt":"2021-04-11T20:39:36","guid":{"rendered":"https:\/\/delivery.costadocondepb.com.br\/lafka\/pizza\/?post_type=product&#038;p=5366"},"modified":"2021-04-12T13:41:35","modified_gmt":"2021-04-12T16:41:35","slug":"massa-4-queijos","status":"publish","type":"product","link":"https:\/\/delivery.costadocondepb.com.br\/lafka\/pizza\/produto\/massa-4-queijos\/","title":{"rendered":"MASSA &#8211; 4 Queijos"},"content":{"rendered":"","protected":false},"excerpt":{"rendered":"<p><strong>* INGREDIENTES:<br \/>\n<span style=\"color: #808080;\">* Mu\u00e7arela, parmes\u00e3o, provolone catupiry e or\u00e9gano.<\/span><\/strong><br \/>\n&#8221; Nossos Pratos S\u00e3o Feitas na Hora \u2013 Massa Fresca. \u2013 E Todos os Outros Itens do Nosso Card\u00e1pio Tamb\u00e9m S\u00e3o feitos na Hora.&#8221;<\/p>\n","protected":false},"featured_media":5251,"comment_status":"open","ping_status":"closed","template":"","meta":[],"class_list":["post-5366","product","type-product","status-publish","has-post-thumbnail","hentry","product_cat-massas","pa_pessoa-1-pessoa","pa_pessoa-2-pessoas"],"_links":{"self":[{"href":"https:\/\/delivery.costadocondepb.com.br\/lafka\/pizza\/wp-json\/wp\/v2\/product\/5366","targetHints":{"allow":["GET"]}}],"collection":[{"href":"https:\/\/delivery.costadocondepb.com.br\/lafka\/pizza\/wp-json\/wp\/v2\/product"}],"about":[{"href":"https:\/\/delivery.costadocondepb.com.br\/lafka\/pizza\/wp-json\/wp\/v2\/types\/product"}],"replies":[{"embeddable":true,"href":"https:\/\/delivery.costadocondepb.com.br\/lafka\/pizza\/wp-json\/wp\/v2\/comments?post=5366"}],"wp:featuredmedia":[{"embeddable":true,"href":"https:\/\/delivery.costadocondepb.com.br\/lafka\/pizza\/wp-json\/wp\/v2\/media\/5251"}],"wp:attachment":[{"href":"https:\/\/delivery.costadocondepb.com.br\/lafka\/pizza\/wp-json\/wp\/v2\/media?parent=5366"}],"curies":[{"name":"wp","href":"https:\/\/api.w.org\/{rel}","templated":true}]}}