{"id":5305,"date":"2021-04-11T16:01:54","date_gmt":"2021-04-11T19:01:54","guid":{"rendered":"https:\/\/delivery.costadocondepb.com.br\/lafka\/pizza\/?post_type=product&#038;p=5305"},"modified":"2021-04-12T13:35:56","modified_gmt":"2021-04-12T16:35:56","slug":"5-queijos","status":"publish","type":"product","link":"https:\/\/delivery.costadocondepb.com.br\/lafka\/pizza\/produto\/5-queijos\/","title":{"rendered":"5 QUEIJOS"},"content":{"rendered":"","protected":false},"excerpt":{"rendered":"<p><strong>* INGREDIENTES:<br \/>\n<span style=\"color: #808080;\">* Mu\u00e7arela, requeij\u00e3o cremoso, provolone, parmes\u00e3o, gorgonzola e azeitonas.<\/span><\/strong><\/p>\n","protected":false},"featured_media":5262,"comment_status":"open","ping_status":"closed","template":"","meta":[],"class_list":["post-5305","product","type-product","status-publish","has-post-thumbnail","hentry","product_cat-pizza","product_cat-pizzas-premium","pa_tamanho-pizzas-pequena","pa_tamanho-pizzas-media","pa_tamanho-pizzas-grande"],"_links":{"self":[{"href":"https:\/\/delivery.costadocondepb.com.br\/lafka\/pizza\/wp-json\/wp\/v2\/product\/5305","targetHints":{"allow":["GET"]}}],"collection":[{"href":"https:\/\/delivery.costadocondepb.com.br\/lafka\/pizza\/wp-json\/wp\/v2\/product"}],"about":[{"href":"https:\/\/delivery.costadocondepb.com.br\/lafka\/pizza\/wp-json\/wp\/v2\/types\/product"}],"replies":[{"embeddable":true,"href":"https:\/\/delivery.costadocondepb.com.br\/lafka\/pizza\/wp-json\/wp\/v2\/comments?post=5305"}],"wp:featuredmedia":[{"embeddable":true,"href":"https:\/\/delivery.costadocondepb.com.br\/lafka\/pizza\/wp-json\/wp\/v2\/media\/5262"}],"wp:attachment":[{"href":"https:\/\/delivery.costadocondepb.com.br\/lafka\/pizza\/wp-json\/wp\/v2\/media?parent=5305"}],"curies":[{"name":"wp","href":"https:\/\/api.w.org\/{rel}","templated":true}]}}